{"id":1532,"date":"2025-03-26T07:50:13","date_gmt":"2025-03-26T07:50:13","guid":{"rendered":"https:\/\/dewor.lv\/?page_id=1532"},"modified":"2025-04-09T07:24:43","modified_gmt":"2025-04-09T07:24:43","slug":"privatuma-politika","status":"publish","type":"page","link":"https:\/\/dewor.lv\/?page_id=1532","title":{"rendered":"Priv\u0101tuma politika"},"content":{"rendered":"<h2 class=\"wp-block-heading\"><strong>Klientu priv\u0101tuma aizsardz\u012bbas un datu apstr\u0101des politika<\/strong><\/h2><ol start=\"1\" class=\"wp-block-list\"><li><strong>Personas datu apstr\u0101des P\u0101rzinis<\/strong><\/li><\/ol><p>Personas datu apstr\u0101des P\u0101rzinis ir SIA \u201cDEWOR\u201d , Re\u0123.Nr. 40203121277, (turpm\u0101k \u2013 DEWOR). Juridisk\u0101 adrese \u2013 Piedrujas iela 11, R\u012bga, LV-1073, e-pasts: janis@dewor.lv T\u0101lrunis: +371 29333102<\/p><p>    2. <strong>K\u0101da ir \u0161\u012bs priv\u0101tuma politikas darb\u012bbas joma?<\/strong><\/p><p>DEWOR sagatavojis savu Priv\u0101tuma aizsardz\u012bbas un datu apstr\u0101des politiku, turpm\u0101k tekst\u0101 \u2013 Priv\u0101tuma politika, attiecas uz inform\u0101ciju, ko DEWOR iev\u0101c par t\u0101s klientiem un potenci\u0101lajiem klientiem, ieskaitot par DEWOR pakalpojumu izmanto\u0161anu, k\u0101 ar\u012b DEWOR interneta vietnes www. dewor.lv, turpm\u0101k \u2013 \u201cVietne\u201d, apmekl\u0113\u0161anu.<\/p><p>    3. <strong>K\u0101diem m\u0113r\u0137iem DEWOR apstr\u0101d\u0101 J\u016bsu datus?<\/strong><\/p><p>DEWOR ieg\u016bst J\u016bsu personas datus, kad J\u016bs apmekl\u0113jat Vietni, aizpildot pieteikumu formu, sazinieties ar mums, sl\u0113dzot l\u012bgumus par pakalpojumiem vai piedal\u0101ties DEWOR organiz\u0113tajos pas\u0101kumos (meistarklases, lekcijas).<\/p><p>DEWOR apstr\u0101d\u0101 J\u016bsu personas datus, lai var\u0113tu veiksm\u012bgi att\u012bst\u012bt pakalpojumus un analiz\u0113tu pakalpojumu pilnveido\u0161anas un papildin\u0101\u0161anas iesp\u0113jas.<\/p><p>DEWOR izmanto J\u016bsu personas datus saist\u012bb\u0101 ar m\u0101rketingu, p\u0101rdo\u0161anu, k\u0101 ar\u012b m\u0101rketinga akciju organiz\u0113\u0161anai.<\/p><p>J\u016bsu personas dati nek\u0101d\u0101 gad\u012bjum\u0101 netiks p\u0101rdoti vai izpausti tre\u0161aj\u0101m person\u0101m m\u0113r\u0137iem, kas nav paredz\u0113ti \u0161aj\u0101 politik\u0101, t\u0101d\u0113j\u0101di piekr\u012btot savu personas datu apstr\u0101dei saska\u0146\u0101 ar \u0161o Priv\u0101tuma politiku, J\u016bs piekr\u012btat, ka, DEWOR dr\u012bkst apstr\u0101d\u0101t J\u016bsu personas datus sekojo\u0161iem m\u0113r\u0137iem(tie var tikt apstr\u0101d\u0101ti vienam vai vair\u0101kiem m\u0113r\u0137iem vienlaic\u012bgi).:<\/p><ul class=\"wp-block-list\"><li>DEWOR dr\u012bkst apstr\u0101d\u0101t J\u016bsu personas datus, lai p\u0101rbaud\u012btu J\u016bsu identit\u0101ti, sl\u0113gtu ar Jums l\u012bgumus, nodro\u0161in\u0101tu normat\u012bvo aktu pras\u012bbu un ar Jums nosl\u0113gto l\u012bgumu izpildi, turkl\u0101t \u0161\u012b m\u0113r\u0137a \u012bsteno\u0161anai nepiecie\u0161am\u012bb\u0101s gad\u012bjum\u0101 DEWOR dr\u012bkst nodot attiec\u012bgus J\u016bsu personas datus DEWOR apak\u0161uz\u0146\u0113m\u0113jiem un citiem sadarb\u012bbas partneriem.<\/li>\n\n<li>DEWOR dr\u012bkst izmantot J\u016bsu personas datus, lai sazin\u0101tos ar Jums,&nbsp; atbild\u0113tu uz J\u016bsu jaut\u0101jumiem, nos\u016bt\u012bt inform\u0101ciju, kas saist\u012bti ar DEWOR pakalpojumiem, k\u0101 ar\u012b l\u016bgtu J\u016bs sniegt atsauksmi par m\u016bsu pakalpojumiem.<\/li>\n\n<li>DEWOR dr\u012bkst Jums nos\u016bt\u012bt komerci\u0101lus pied\u0101v\u0101jumus par DEWOR pakalpojumiem.<\/li>\n\n<li>DEWOR dr\u012bkst izmantot J\u016bsu datus, lai iek\u0161\u0113ji p\u0101rvald\u012btu, analiz\u0113tu un uzlabotu sadarb\u012bbu ar saviem klientiem, k\u0101 ar\u012b uzlabotu un att\u012bst\u012btu pakalpojumus, analiz\u0113tu m\u016bsu rekl\u0101mu efektivit\u0101ti, sniegtu Jums atbilsto\u0161us ieteikumus saist\u012bb\u0101 ar m\u016bsu pakalpojumiem.  <\/li><\/ul><p>Maks\u0101jumu apstr\u0101di nodro\u0161ina maks\u0101jumu platforma makecommerce.lv, t\u0101p\u0113c m\u016bsu uz\u0146\u0113mums maks\u0101jumu izpildei nepiecie\u0161amos personas datus nodod platformas \u012bpa\u0161niekam Maksekeskus AS.<\/p><p>      4. <strong>K\u0101du inform\u0101ciju m\u0113s par Jums varam iev\u0101kt?<\/strong><\/p><p>DEWOR iev\u0101c par Jums sekojo\u0161u inform\u0101ciju: v\u0101rds, uzv\u0101rds, personas kods, kontaktinform\u0101cija (pasta adrese, e-pasta adrese, t\u0101lru\u0146a numurs), klienta attiec\u012bbu s\u0101kuma un beigu datums, j\u016bsu intereses un cita J\u016bsu sniegt\u0101 inform\u0101cija, piem\u0113ram, dz\u012bves vieta, e-pasta un t\u0113rz\u0113\u0161anas sarakste, cita veida komunik\u0101cijas v\u0113sture, J\u016bsu pirkumu v\u0113sture, J\u016bsu atsauksmes un s\u016bdz\u012bbas, J\u016bsu personas dati, kuri ir j\u0101apstr\u0101d\u0101 saska\u0146\u0101 ar normat\u012bvo aktu pras\u012bb\u0101m.<\/p><p>    5. <strong>Kur m\u0113s iev\u0101cam J\u016bsu personas datus?<\/strong><\/p><p>Klienta personu datu inform\u0101cijas ieguves kan\u0101li ir klientu attiec\u012bbu s\u0101kum\u0101 mutv\u0101rdos, telefona sarun\u0101s, rakstveid\u0101 vai Vietn\u0113 sniegt\u0101s inform\u0101cijas (pieteikumu formas aizpild\u012b\u0161ana),&nbsp;s\u012bkfailiem un l\u012bdz\u012bg\u0101m tehnolo\u0123ij\u0101m laik\u0101,&nbsp;no&nbsp;m\u016bsu ievietotaj\u0101m rekl\u0101m\u0101m internet\u0101, J\u016bsu dal\u012bba aptauj\u0101s soci\u0101lajos t\u012bklos: facebook.com \u2013 dewor.lv.<\/p><p>    6. <strong>Vai J\u016bsu personas dati tiek regul\u0101ri kop\u012bgoti ar citiem?<\/strong><\/p><p>DEWOR nodro\u0161ina J\u016bsu personas datus&nbsp; neizpau\u0161anu tre\u0161aj\u0101m&nbsp; person\u0101m, iz\u0146emot, ja \u0161aj\u0101 Priv\u0101tuma politik\u0101 ir noteikts cit\u0101di.<\/p><p>DEWOR var nodot J\u016bsu personas datus tre\u0161aj\u0101m person\u0101m, kas sniedz pakalpojumus \u0161aj\u0101 Priv\u0101tuma politik\u0101 aprakst\u012btajos nol\u016bkos sp\u0113k\u0101 eso\u0161o normat\u012bvo aktu robe\u017e\u0101s. Tas var ietvert, piem\u0113ram, t\u0101du pakalpojumu snieg\u0161anu k\u0101 IT pakalpojumi, personas datu p\u0101rvald\u012bba un anal\u012bze, aptauju un izp\u0113tes veik\u0161ana un vad\u012b\u0161ana un m\u0101rketinga p\u0101rvald\u012bba u.tml.<\/p><p>Nevienam no \u0161\u0101d\u0101m tre\u0161aj\u0101m pus\u0113m m\u0113s nedosim at\u013cauju izmantot J\u016bsu personas datus jebkur\u0101 cit\u0101 veid\u0101 un piepras\u012bsim veikt J\u016bsu personas datu aizsardz\u012bbas pas\u0101kumus.<\/p><p>DEWOR var rasties nepiecie\u0161am\u012bba izpaust J\u016bsu personas datus, ja to nosaka sp\u0113k\u0101 eso\u0161ie normat\u012bvie akti. Mums ir pien\u0101kums izpaust klientu inform\u0101ciju ties\u012bbsarg\u0101jo\u0161\u0101m iest\u0101d\u0113m, ja radu\u0161\u0101s aizdomas par noziedz\u012bgu darb\u012bbu.<\/p><p>    7. <strong>Vai m\u0113s nodosim J\u016bsu personas datus \u0101rpus Eiropas Savien\u012bbas vai Eiropas Ekonomisk\u0101s Zonas?<\/strong><\/p><p>Bez J\u016bsu rakstveida piekri\u0161anas m\u0113s nenodosim J\u016bsu personas datus \u0101rpus Eiropas Savien\u012bbas vai Eiropas Ekonomisk\u0101s Zonas robe\u017e\u0101m.<\/p><p>    8. <strong>Datu dro\u0161\u012bbas nodro\u0161in\u0101\u0161ana<\/strong><\/p><p>Lai garant\u0113tu personu datu dro\u0161\u012bbu, DEWOR pielieto dro\u0161us IT risin\u0101jumus un fiziskus un administrat\u012bvus dro\u0161\u012bbas pas\u0101kumus. J\u016bsu dati tiek glab\u0101ti dro\u0161\u012bb\u0101 ar parol\u0113m aizsarg\u0101tas. Tie ir aizsarg\u0101ti pret jebkuru organiz\u0101ciju vai priv\u0101tpersonu neat\u013cautu piek\u013cuvi, atkl\u0101\u0161anu, p\u0101rveido\u0161anu vai izn\u012bcin\u0101\u0161anu.<\/p><p>     9. <strong>J\u016bsu ties\u012bbas piek\u013c\u016bt saviem personas datiem, tos labot un aizliegt izmantot.<\/strong><\/p><p>Jums ir ties\u012bbas sa\u0146emt inform\u0101ciju par J\u016bsu personas datiem, kas atrodas DEWOR datn\u0113s un piepras\u012bt nekorektu datu labo\u0161anu vai aktualiz\u0101ciju, to apstr\u0101des p\u0101rtrauk\u0161anu vai izn\u012bcin\u0101\u0161anu, ja tie ir nepiln\u012bgi, novecoju\u0161i, pretlikum\u012bgi apstr\u0101d\u0101ti vai tie vairs nav nepiecie\u0161ami to v\u0101k\u0161anas m\u0113r\u0137im. \u0160\u0101ds piepras\u012bjums ir j\u0101noform\u0113 rakstveid\u0101 un j\u0101iesniedz DEWOR&nbsp;&#8211; Piedrujas iela 11, R\u012bga, LV-1073, vai e-pasts: janis@dewor.lv.<\/p><p>DEWOR nedr\u012bkst dz\u0113st J\u016bsu datus, ja ar likumu ir noteikta pras\u012bba tos uzglab\u0101t noteiktu laiku, piem\u0113ram gr\u0101matved\u012bbas, lietved\u012bbas u.c. pras\u012bbas vai ar\u012b, ja ir citi likum\u012bgi pamati datu apstr\u0101dei, piem\u0113ram, l\u012bgumsaist\u012bbas.<\/p><p>Jums ir normat\u012bvajos aktos noteikt\u0101s ties\u012bbas jebkur\u0101 laik\u0101 aizliegt DEWOR apstr\u0101d\u0101t J\u016bsu personas datus komerci\u0101lu pazi\u0146ojumu s\u016bt\u012b\u0161anai, izmanto\u0161anai tirgus un sabiedrisk\u0101 viedok\u013ca p\u0113t\u012bjumos. \u0160\u0101d\u0101 gad\u012bjum\u0101 Jums ir j\u0101noform\u0113 rakstisks piepras\u012bjums un j\u0101nos\u016bta uz DEWOR &nbsp;&#8211; Piedrujas iela 11, R\u012bga, LV-1073, vai e-pasts: janis@dewor.lv.<\/p><p>      10. <strong>Piem\u0113rojamais likums, zi\u0146o\u0161ana par p\u0101rk\u0101pumiem.<\/strong><\/p><p>Personas datu apstr\u0101di reglament\u0113&nbsp; Eiropas Parlamenta un Padomes Regula (ES) 2016\/679 (2016. gada 27. apr\u012blis) par fizisko personu aizsardz\u012bbu attiec\u012bb\u0101 uz personas datu apstr\u0101di un \u0161\u0101du datu br\u012bvu apriti, k\u0101 ar\u012b saist\u012btie sp\u0113k\u0101 eso\u0161ie Latvijas Republikas normat\u012bvie akti.<\/p><p>L\u016bdzam J\u016bs, nevilcinoties sazin\u0101ties ar DEWOR &#8211; Za\u013c\u0101 iela 8, Ak\u0101cijas, Krim\u016bnu pag., Dobeles nov., LV-3719 vai e-pasts: janis@dewor.lv., ja Jums ir k\u0101di jaut\u0101jumi, koment\u0101ri saist\u012bb\u0101 ar \u0161o Priv\u0101tuma politiku vai v\u0113laties zi\u0146ot par \u0161\u012bs Priv\u0101tuma politikas p\u0101rk\u0101pumiem.<\/p><p>      11. <strong>Izmai\u0146u veik\u0161ana<\/strong><\/p><p>DEWOR patur ties\u012bbas jebkur\u0101 br\u012bd\u012b main\u012bt \u0161os Priv\u0101tuma politikas noteikumus. Vietnes apmekl\u0113t\u0101ja pien\u0101kums ir patst\u0101v\u012bgi p\u0101rbaud\u012bt Vietnes saturu, lai iepaz\u012btos ar noteikumu izmai\u0146\u0101m.<\/p><p><strong>S\u012bkdat\u0146u izmanto\u0161ana<\/strong><\/p><p>\u0160aj\u0101 vietn\u0113 ir izmantotas s\u012bkdatnes. T\u0101s tiek izmantotas, lai uzlabotu vietnes lietojam\u012bbu un pied\u0101v\u0101tu Jums piel\u0101gotus rekl\u0101mas materi\u0101lus. J\u016bs varat blo\u0137\u0113t un dz\u0113st s\u012bkdatnes, kas ietver inform\u0101ciju par Jums. L\u016bdzam \u0146em v\u0113r\u0101, ka s\u012bkdat\u0146u blo\u0137\u0113\u0161ana var ietekm\u0113t vietnes p\u0101rl\u016bko\u0161anu.<\/p><ol start=\"1\" class=\"wp-block-list\"><li><strong>Kas ir s\u012bkdatne?<\/strong><\/li><\/ol><p>S\u012bkdatne ir neliela teksta datne, kas tiek nos\u016bt\u012bta uz J\u016bsu datoru vai mobilo iek\u0101rtu t\u012bmek\u013ca vietnes apmekl\u0113\u0161an\u0101s laik\u0101 un ko t\u012bmek\u013ca vietne saglab\u0101 j\u016bsu dator\u0101 vai mobilaj\u0101 ier\u012bc\u0113, kad J\u016bs atverat vietni. Katr\u0101 turpm\u0101kaj\u0101 apmekl\u0113juma reiz\u0113 s\u012bkdatnes tiek nos\u016bt\u012btas atpaka\u013c uz izcelsmes m\u0101jaslapu vai uz citu m\u0101jaslapu, kas atpaz\u012bst \u0161o s\u012bkdatni.<\/p><p>Attiec\u012bgi s\u012bkdatnes darbojas k\u0101 konkr\u0113tas m\u0101jaslapas atmi\u0146a, \u013caujot \u0161ai lapai atcer\u0113ties J\u016bsu datoru n\u0101kamaj\u0101s apmekl\u0113juma reiz\u0113s, tai skait\u0101 s\u012bkdatnes var atcer\u0113ties J\u016bsu iestat\u012bjumus vai uzlabot lietot\u0101ja \u0113rt\u012bbas. S\u012bkdatnes netiek izmantotas, lai J\u016bs personiski identific\u0113tu.<\/p><p>Papildu inform\u0101ciju par s\u012bkdatn\u0113m, k\u0101 ar\u012b to, k\u0101 t\u0101s iesp\u0113jams p\u0101rvald\u012bt vai izdz\u0113st, varat ieg\u016bt m\u0101jaslap\u0101 www.aboutcookies.org.<\/p><p>M\u0113s izmantojam sesijas s\u012bkdatnes un past\u0101v\u012bg\u0101s s\u012bkdatnes.<\/p><p>Sesijas s\u012bkdatnes ir pagaidu s\u012bkdatnes, kas darbojas laik\u0101, kad datorlietot\u0101js piek\u013c\u016bst t\u012bmek\u013ca vietnei (prec\u012bz\u0101k, l\u012bdz br\u012bdim, kad lietot\u0101js iziet no t\u012bmek\u013ca vietnes un aizver p\u0101rl\u016bkprogrammu). Sesijas s\u012bkdatnes pal\u012bdz t\u012bmek\u013ca vietnei iegaum\u0113t darb\u012bbas, ko apmekl\u0113t\u0101js ir veicis iepriek\u0161\u0113j\u0101 lap\u0101, nov\u0113r\u0161ot nepiecie\u0161am\u012bbu atk\u0101rtoti ievad\u012bt inform\u0101ciju.<\/p><p>Past\u0101v\u012bg\u0101s s\u012bkdatnes paliek apmekl\u0113t\u0101ja dator\u0101 p\u0113c m\u016bsu t\u012bmek\u013ca vietnes apmekl\u0113\u0161anas. \u0160\u012bs s\u012bkdatnes pal\u012bdz mums identific\u0113t J\u016bs k\u0101 unik\u0101lu apmekl\u0113t\u0101ju (saglab\u0101jot \u0161o inform\u0101ciju k\u0101 p\u0113c nejau\u0161\u012bbas principa \u0123ener\u0113tu skaitli).<\/p><p>   2. <strong>Tre\u0161o pu\u0161u s\u012bkdatnes<\/strong><\/p><p>Atsevi\u0161\u0137os gad\u012bjumos m\u0113s izmantojam ar\u012b uzticamu tre\u0161o pu\u0161u sniegt\u0101s s\u012bkdatnes. Sada\u013cas tupin\u0101jum\u0101 uzzin\u0101siet, ar kuru tre\u0161o pu\u0161u s\u012bkdatn\u0113m J\u016bs var\u0113tu saskarties, izmantojot \u0161o vietni.<\/p><p>\u0160\u012b lapa izmanto Google Analytics, kas ir viens no izplat\u012bt\u0101kajiem un uzticam\u0101kajiem anal\u012btikas risin\u0101jumiem t\u012bmekl\u012b, kas \u013cauj mums saprast, k\u0101 m\u016bsu lapas apmekl\u0113t\u0101ji izmanto \u0161o vietni, un k\u0101dos veidos m\u0113s varam uzlabot t\u0101s lieto\u0161anas pieredzi. \u0160\u012bs s\u012bkdatnes var izsekot to, cik ilgu laiku J\u016bs pavad\u0101t vietn\u0113 un to, k\u0101das lapas J\u016bs apmekl\u0113jat, lai m\u0113s var\u0113tu turpin\u0101t rad\u012bt saisto\u0161u saturu. Lai ieg\u016btu pla\u0161\u0101ku inform\u0101ciju par Google Analytics s\u012bkfailiem, l\u016bdzu apmekl\u0113jiet Google Analytics m\u0101jaslapu.<\/p><p>M\u0113s \u0161aj\u0101 vietn\u0113 izmantojam ar\u012b&nbsp; soci\u0101lo mediju pogas un \/ vai spraud\u0146us, kas \u013cauj Jums izveidot savienojumu ar savu soci\u0101lo t\u012bklu. Lai to nodro\u0161in\u0101tu, virkne soci\u0101lo t\u012bklu, ieskaitot Facebook, Instagram, Tiktok, uzst\u0101d\u012bs s\u012bkdatnes, izmantojot m\u016bsu m\u0101jas lapu. \u0160\u012bs s\u012bkdatnes var tikt izmantotas, lai uzlabotu J\u016bsu profilu attiec\u012bgaj\u0101 vietn\u0113 vai izmantotas datiem, kuri vietn\u0113m ir pieejami da\u017e\u0101diem m\u0113r\u0137iem. \u0160ie m\u0113r\u0137i ir izkl\u0101st\u012bti&nbsp; viet\u0146u priv\u0101tuma politikas dokumentos.<\/p><p>    3. <strong>S\u012bkdat\u0146u kontrol\u0113\u0161ana un dz\u0113\u0161ana<\/strong><\/p><p>Ja v\u0113laties, J\u016bs varat s\u012bkdatnes kontrol\u0113t vai dz\u0113st. Liel\u0101ko da\u013cu t\u012bmek\u013ca p\u0101rl\u016bkprogrammu var iestat\u012bt t\u0101, lai tiktu blo\u0137\u0113ta s\u012bkdat\u0146u saglab\u0101\u0161ana ier\u012bc\u0113. Vien\u012bgi j\u0101\u0146em v\u0113r\u0101, ka tad atsevi\u0161\u0137i iestat\u012bjumi b\u016bs j\u0101piel\u0101go katru reizi, kad apmekl\u0113siet vietni, turkl\u0101t iesp\u0113jams, ka da\u017ei pakalpojumi un funkcijas taj\u0101 nedarbosies.<\/p><p>Parasti ir iesp\u0113jams main\u012bt p\u0101rl\u016bkprogrammas iestat\u012bjumus atbilsto\u0161i nor\u0101d\u012bjumiem, kas visbie\u017e\u0101k atrodas sada\u013c\u0101 \u201cPal\u012bdz\u012bba\u201d, \u201cR\u012bki\u201d vai \u201cRedi\u0123\u0113\u0161ana\u201d.<\/p><p>Papildu inform\u0101ciju par s\u012bkdatn\u0113m, tostarp par to, k\u0101 s\u012bkdatnes ir iestat\u012btas J\u016bsu dator\u0101 un k\u0101 t\u0101s iesp\u0113jams p\u0101rvald\u012bt vai izdz\u0113st, varat ieg\u016bt m\u0101jaslap\u0101: https:\/\/www.aboutcookies.org\/<\/p>","protected":false},"excerpt":{"rendered":"<p>Klientu priv\u0101tuma aizsardz\u012bbas un datu apstr\u0101des politika Personas datu apstr\u0101des P\u0101rzinis ir SIA \u201cDEWOR\u201d , Re\u0123.Nr. 40203121277, (turpm\u0101k \u2013 DEWOR). Juridisk\u0101 adrese \u2013 Piedrujas iela 11, R\u012bga, LV-1073, e-pasts: janis@dewor.lv T\u0101lrunis: +371 29333102 2. K\u0101da ir \u0161\u012bs priv\u0101tuma politikas darb\u012bbas joma? DEWOR sagatavojis savu Priv\u0101tuma aizsardz\u012bbas un datu apstr\u0101des politiku, turpm\u0101k tekst\u0101 \u2013 Priv\u0101tuma politika,&#8230;<\/p>\n","protected":false},"author":1,"featured_media":0,"parent":0,"menu_order":0,"comment_status":"closed","ping_status":"closed","template":"","meta":{"_kad_blocks_custom_css":"","_kad_blocks_head_custom_js":"","_kad_blocks_body_custom_js":"","_kad_blocks_footer_custom_js":"","_kadence_starter_templates_imported_post":false,"_kad_post_transparent":"","_kad_post_title":"","_kad_post_layout":"","_kad_post_sidebar_id":"","_kad_post_content_style":"","_kad_post_vertical_padding":"","_kad_post_feature":"","_kad_post_feature_position":"","_kad_post_header":false,"_kad_post_footer":false,"footnotes":""},"class_list":["post-1532","page","type-page","status-publish","hentry"],"taxonomy_info":[],"featured_image_src_large":false,"author_info":{"display_name":"deworadmin","author_link":"https:\/\/dewor.lv\/?author=1"},"comment_info":0,"_links":{"self":[{"href":"https:\/\/dewor.lv\/index.php?rest_route=\/wp\/v2\/pages\/1532","targetHints":{"allow":["GET"]}}],"collection":[{"href":"https:\/\/dewor.lv\/index.php?rest_route=\/wp\/v2\/pages"}],"about":[{"href":"https:\/\/dewor.lv\/index.php?rest_route=\/wp\/v2\/types\/page"}],"author":[{"embeddable":true,"href":"https:\/\/dewor.lv\/index.php?rest_route=\/wp\/v2\/users\/1"}],"replies":[{"embeddable":true,"href":"https:\/\/dewor.lv\/index.php?rest_route=%2Fwp%2Fv2%2Fcomments&post=1532"}],"version-history":[{"count":3,"href":"https:\/\/dewor.lv\/index.php?rest_route=\/wp\/v2\/pages\/1532\/revisions"}],"predecessor-version":[{"id":1574,"href":"https:\/\/dewor.lv\/index.php?rest_route=\/wp\/v2\/pages\/1532\/revisions\/1574"}],"wp:attachment":[{"href":"https:\/\/dewor.lv\/index.php?rest_route=%2Fwp%2Fv2%2Fmedia&parent=1532"}],"curies":[{"name":"wp","href":"https:\/\/api.w.org\/{rel}","templated":true}]}}