{"id":1567,"date":"2025-04-09T06:26:06","date_gmt":"2025-04-09T06:26:06","guid":{"rendered":"https:\/\/dewor.lv\/?page_id=1567"},"modified":"2025-04-09T07:21:27","modified_gmt":"2025-04-09T07:21:27","slug":"noteikumi","status":"publish","type":"page","link":"https:\/\/dewor.lv\/?page_id=1567","title":{"rendered":"Noteikumi"},"content":{"rendered":"<p>SIA DEWOR,&nbsp;RE\u0122ISTR\u0100CIJAS NR.&nbsp;40203121277,&nbsp;ADRESE&nbsp;<a href=\"https:\/\/www.lursoft.lv\/adrese\/piedrujas-iela-11-riga-lv-1073\">R\u012bga, Piedrujas iela 11, LV-1073<\/a>, turpm\u0101k \u2013 internetveikals \u2013 nodro\u0161ina m\u0101jas lap\u0101 pieejamo saturu un sniedz preces\/pakalpojumus saska\u0146\u0101 ar zem\u0101k izkl\u0101st\u012btajiem Lieto\u0161anas noteikumiem.<\/p><p>1. Visp\u0101r\u012bgie noteikumi<\/p><p>Ja pat\u0113r\u0113t\u0101js, izmantojot m\u0101jas lapas starpniec\u012bbu ieg\u0101d\u0101jas preces\/pakalpojumus, tad \u0161\u0101da savstarp\u0113ja vieno\u0161an\u0101s tiek uzskat\u012bta par Distances l\u012bgumu un ir pak\u013cauta Latvijas Republikas ties\u012bbu norm\u0101m, kas regul\u0113 distances l\u012bgumu tai skait\u0101, bet ne tikai, Latvijas Republikas \u201ePat\u0113r\u0113t\u0101ju ties\u012bbu aizsardz\u012bbas likums\u201d, Latvijas Republikas Ministru Kabineta noteikumiem \u201eNoteikumi par distances l\u012bgumu\u201d u.c.<\/p><p>2. Pirkumu veik\u0161ana<\/p><p>Interneta veikal\u0101 p\u0101rdoto produktu cenas un specifik\u0101cija ir nor\u0101d\u012btas blakus produktiem.<\/p><p>Lai veiktu pas\u016bt\u012bjumu, pievienojiet v\u0113lamos produktus iepirkumu grozam. Aizpildiet visus nepiecie\u0161amos laukus un izv\u0113l\u0113ties piem\u0113rot\u0101ko pieg\u0101des veidu. Pas\u016bt\u012bjuma kop\u0113j\u0101s izmaksas ar pieg\u0101di p\u0113c tam tiek par\u0101d\u012btas uz ekr\u0101na. Veiciet pirkuma apmaksu, lai pabeigtu pas\u016bt\u012bjumu.<\/p><p>3. Apmaksas noteikumi<\/p><p>Nor\u0113\u0137inu val\u016bta vietn\u0113 ir eiro. Pirkumu iesp\u0113jams apmaks\u0101t izv\u0113loties sekojo\u0161as maks\u0101jumu metodes, ko nodro\u0161ina maks\u0101jumu platforma makecommerce.lv , Maksekeskus AS:<\/p><p>Pievienojiet tikai t\u0101s maks\u0101jumu metodes, kuras izmantos J\u016bsu internetveikals:<\/p><ul class=\"wp-block-list\"><li>Latvijas internetbanku maks\u0101jumi: Swedbank, SEB, Citadele un Luminor<\/li>\n\n<li>Igaunijas internetbanku maks\u0101jumi: Swedbank, SEB, Luminor<\/li>\n\n<li>Lietuvas internetbanku maks\u0101jumi: Swedbank, SEB un Luminor<\/li>\n\n<li>Somijas internetbanku maks\u0101jumi: Aktia, \u00c5landsbanken, Danske, Handelsbanken, Nordea, Oma S\u00e4\u00e4stopankki, Pohjola, POP Pankki, S-Pankki, S\u00e4\u00e4stopankki<\/li>\n\n<li>Visa\/Mastercard kar\u0161u maks\u0101jumi<\/li><\/ul><p>NB! Izmantojot internetbanku apmaksas metodi, apstipriniet pas\u016bt\u012bjumu un noklik\u0161\u0137iniet uz pogas \u201cAtgriezties pie tirgot\u0101ja\u201d.<\/p><p>Personas dati, kas nepiecie\u0161ami maks\u0101jumu veik\u0161anai, tiek nodoti licenc\u0113tai maks\u0101jumu iest\u0101dei Maksekeskus AS.<\/p><p>L\u012bgums st\u0101jas sp\u0113k\u0101 l\u012bdz ar veiksm\u012bgu maks\u0101jumu uz internetveikala bankas kontu. Ja k\u0101du iemeslu d\u0113\u013c pas\u016bt\u012bjumu izpild\u012bt neb\u016bs iesp\u0113jams, Pirc\u0113js par to tiks inform\u0113ts un samaks\u0101t\u0101 summa tiks atmaks\u0101ta p\u0113c iesp\u0113jas \u0101tr\u0101k, bet ne v\u0113l\u0101k k\u0101 14 dienu laik\u0101 p\u0113c pazi\u0146ojuma sa\u0146em\u0161anas.<\/p><p>4. Pieg\u0101des noteikumi<\/p><p>Visas preces un pakalpojumi, kas ieg\u0101d\u0101ti m\u016bsu m\u0101jaslap\u0101, tiks pieg\u0101d\u0101ti <strong>digit\u0101li<\/strong>, un to pieg\u0101de tiks veikta <strong>caur e-pastu<\/strong>. Pieg\u0101des br\u012bd\u012b m\u0113s nos\u016bt\u012bsim pirkuma apstiprin\u0101jumu un nepiecie\u0161amos piek\u013cuves datus vai failus uz nor\u0101d\u012bto e-pasta adresi.<\/p><p>Digit\u0101l\u0101s preces tiks pieg\u0101d\u0101tas uz e-pasta adresi p\u0113c pas\u016bt\u012bjuma apstr\u0101des un maks\u0101juma sa\u0146em\u0161anas. Pieg\u0101des laiks var at\u0161\u0137irties atkar\u012bb\u0101 no produkta un maks\u0101juma metodes, ta\u010du parasti tas notiek <strong>24 stundu laik\u0101<\/strong>.<\/p><p>L\u016bdzu, p\u0101rliecinieties, ka nor\u0101d\u012bt\u0101 e-pasta adrese ir pareiza, jo m\u0113s neuz\u0146emamies atbild\u012bbu par preces pieg\u0101di nepareiz\u0101s vai nepiln\u012bg\u0101s e-pasta adres\u0113s.<\/p><p>5. Atteikuma ties\u012bbas<\/p><p>Visi digit\u0101lie produkti ir neatgrie\u017eami un neatmaks\u0101jami saska\u0146\u0101 ar PTAC noteikumiem, jo digit\u0101lais saturs p\u0113c ieg\u0101des k\u013c\u016bst pieejams uzreiz. L\u016bdzam r\u016bp\u012bgi izv\u0113rt\u0113t pirkumu pirms digit\u0101l\u0101 produkta ieg\u0101des. Ja rodas tehniskas probl\u0113mas, m\u0113s nodro\u0161in\u0101sim pal\u012bdz\u012bbu digit\u0101l\u0101 satura piek\u013cuvei.<\/p><p>6. Pat\u0113r\u0113t\u0101ja ties\u012bbas par l\u012bgumam neatbilsto\u0161u preci<\/p><p>Internetveikals &nbsp;ir atbild\u012bgs par pat\u0113r\u0113t\u0101jam pieg\u0101d\u0101ta digit\u0101l\u0101 produkta neatbilst\u012bbu l\u012bguma noteikumiem, <strong>ja neatbilst\u012bba par\u0101d\u0101s divu gadu laik\u0101<\/strong> no pieg\u0101des br\u012b\u017ea. Ja neatbilst\u012bba par\u0101d\u0101s <strong>6 m\u0113ne\u0161u laik\u0101<\/strong>, tiek pie\u0146emts, ka t\u0101 jau past\u0101v\u0113ja pieg\u0101des br\u012bd\u012b, ja vien netiek pier\u0101d\u012bts pret\u0113jais.<\/p><p>Pat\u0113r\u0113t\u0101jam par konstat\u0113to neatbilst\u012bbu j\u0101inform\u0113 internetveikals <strong>divu m\u0113ne\u0161u laik\u0101 p\u0113c t\u0101s atkl\u0101\u0161anas<\/strong>, nos\u016btot pazi\u0146ojumu uz <a href=\"mailto:janis@dewor.lv\">janis@dewor.lv<\/a>.<\/p><p>Ja digit\u0101lais saturs neatbilst l\u012bgumam, pat\u0113r\u0113t\u0101jam ir ties\u012bbas:<\/p><ul class=\"wp-block-list\"><li>piepras\u012bt neatbilst\u012bbas nov\u0113r\u0161anu vai satura atjaunin\u0101\u0161anu;<\/li>\n\n<li>piepras\u012bt cenas samazin\u0101jumu vai l\u012bguma atcel\u0161anu, ja neatbilst\u012bbu nevar nov\u0113rst bez liekas kav\u0113\u0161an\u0101s, vai t\u0101 ir b\u016btiska.<\/li><\/ul><p>Internetveikals <strong>sniedz atbildi rakstiski 15 dienu laik\u0101<\/strong> no s\u016bdz\u012bbas sa\u0146em\u0161anas.<\/p><p>Sniedz\u0113js nav atbild\u012bgs par neatbilst\u012bb\u0101m, kas radu\u0161\u0101s digit\u0101l\u0101s vides nesader\u012bbas vai pat\u0113r\u0113t\u0101ja iek\u0101rtu neatbilst\u012bbas d\u0113\u013c, ja par to pat\u0113r\u0113t\u0101js tika skaidri inform\u0113ts l\u012bguma sl\u0113g\u0161anas br\u012bd\u012b.<\/p><p>7. Pirc\u0113ja personas datu apstr\u0101de<\/p><p>Internetveikals apstr\u0101d\u0101 tikai tos personas datus, kurus pirc\u0113js ir ievad\u012bjis pie pre\u010du pas\u016bt\u012b\u0161anas, k\u0101 piem\u0113ram, v\u0101rds, uzv\u0101rds, e-pasts u.c.<\/p><p>Internetveikals nodod personas datus transporta pakalpojumu sniedz\u0113jam\/iem, lai nodro\u0161in\u0101tu pre\u010du pieg\u0101di.<\/p><p>Ja J\u016bs esat nep\u0101rprotami piekritis sa\u0146emt m\u016bsu m\u0101rketinga pazi\u0146ojumus, tostarp jaunumus, m\u0113s laiku pa laikam varam sazin\u0101ties ar Jums nos\u016btot inform\u0101ciju par m\u016bsu pakalpojumiem un jaun\u0101kajiem pied\u0101v\u0101jumiem. \u0160aj\u0101 nol\u016bk\u0101 m\u0113s varam apstr\u0101d\u0101t J\u016bsu e-pasta adresi, kuru nor\u0101d\u012bj\u0101t, pierakstoties m\u0101rketinga komunik\u0101cijai. Pirc\u0113jam ir iesp\u0113ja atteikties no m\u0101rketinga pazi\u0146ojumiem, pazi\u0146ojot par to mums, rakstot uz janis@dewor.lv.<\/p><p>8. Str\u012bdu iz\u0161\u0137ir\u0161anas k\u0101rt\u012bba<\/p><p>Jaut\u0101jumos, kas nav atrun\u0101ti \u0161ajos noteikumos un nosac\u012bjumos, Pirc\u0113js un P\u0101rdev\u0113js ap\u0146emas iev\u0113rot Latvijas Republik\u0101 sp\u0113k\u0101 eso\u0161os normat\u012bvos aktus.<\/p><p>Puses visus starp P\u0101rdev\u0113ju un Pirc\u0113ju radu\u0161os str\u012bdus risina savstapr\u0113ju sarunu vai sarakstes ce\u013c\u0101. Ja str\u012bdu neizdosies atrisin\u0101s sarunu vai sarakstes veid\u0101, Puses str\u012bdu risin\u0101s Latvijas Republikas ties\u0101, iev\u0113rojot LR normat\u012bvos aktus. Str\u012bdus starp Pirc\u0113ju (pat\u0113r\u0113t\u0101ju) un P\u0101rdev\u0113ju var nodot risin\u0101\u0161anai Pat\u0113r\u0113t\u0101ju ties\u012bbu aizsardz\u012bbas centr\u0101 vai Latvijas Republikas ties\u0101.<\/p><p>Pirc\u0113jam ir ties\u012bbas v\u0113rsties ar\u012b Eiropas Savien\u012bbas str\u012bdu iz\u0161\u0137ir\u0161anas iest\u0101d\u0113s.<\/p>","protected":false},"excerpt":{"rendered":"<p>SIA DEWOR,&nbsp;RE\u0122ISTR\u0100CIJAS NR.&nbsp;40203121277,&nbsp;ADRESE&nbsp;R\u012bga, Piedrujas iela 11, LV-1073, turpm\u0101k \u2013 internetveikals \u2013 nodro\u0161ina m\u0101jas lap\u0101 pieejamo saturu un sniedz preces\/pakalpojumus saska\u0146\u0101 ar zem\u0101k izkl\u0101st\u012btajiem Lieto\u0161anas noteikumiem. 1. Visp\u0101r\u012bgie noteikumi Ja pat\u0113r\u0113t\u0101js, izmantojot m\u0101jas lapas starpniec\u012bbu ieg\u0101d\u0101jas preces\/pakalpojumus, tad \u0161\u0101da savstarp\u0113ja vieno\u0161an\u0101s tiek uzskat\u012bta par Distances l\u012bgumu un ir pak\u013cauta Latvijas Republikas ties\u012bbu norm\u0101m, kas regul\u0113 distances&#8230;<\/p>\n","protected":false},"author":1,"featured_media":0,"parent":0,"menu_order":0,"comment_status":"closed","ping_status":"closed","template":"","meta":{"_kad_blocks_custom_css":"","_kad_blocks_head_custom_js":"","_kad_blocks_body_custom_js":"","_kad_blocks_footer_custom_js":"","_kadence_starter_templates_imported_post":false,"_kad_post_transparent":"","_kad_post_title":"","_kad_post_layout":"","_kad_post_sidebar_id":"","_kad_post_content_style":"","_kad_post_vertical_padding":"","_kad_post_feature":"","_kad_post_feature_position":"","_kad_post_header":false,"_kad_post_footer":false,"footnotes":""},"class_list":["post-1567","page","type-page","status-publish","hentry"],"taxonomy_info":[],"featured_image_src_large":false,"author_info":{"display_name":"deworadmin","author_link":"https:\/\/dewor.lv\/?author=1"},"comment_info":0,"_links":{"self":[{"href":"https:\/\/dewor.lv\/index.php?rest_route=\/wp\/v2\/pages\/1567","targetHints":{"allow":["GET"]}}],"collection":[{"href":"https:\/\/dewor.lv\/index.php?rest_route=\/wp\/v2\/pages"}],"about":[{"href":"https:\/\/dewor.lv\/index.php?rest_route=\/wp\/v2\/types\/page"}],"author":[{"embeddable":true,"href":"https:\/\/dewor.lv\/index.php?rest_route=\/wp\/v2\/users\/1"}],"replies":[{"embeddable":true,"href":"https:\/\/dewor.lv\/index.php?rest_route=%2Fwp%2Fv2%2Fcomments&post=1567"}],"version-history":[{"count":1,"href":"https:\/\/dewor.lv\/index.php?rest_route=\/wp\/v2\/pages\/1567\/revisions"}],"predecessor-version":[{"id":1568,"href":"https:\/\/dewor.lv\/index.php?rest_route=\/wp\/v2\/pages\/1567\/revisions\/1568"}],"wp:attachment":[{"href":"https:\/\/dewor.lv\/index.php?rest_route=%2Fwp%2Fv2%2Fmedia&parent=1567"}],"curies":[{"name":"wp","href":"https:\/\/api.w.org\/{rel}","templated":true}]}}