{"id":1738,"date":"2025-04-25T11:45:00","date_gmt":"2025-04-25T11:45:00","guid":{"rendered":"https:\/\/dewor.lv\/?page_id=1738"},"modified":"2025-05-07T15:20:36","modified_gmt":"2025-05-07T15:20:36","slug":"grozs-2","status":"publish","type":"page","link":"https:\/\/dewor.lv\/?page_id=1738","title":{"rendered":"Grozs"},"content":{"rendered":"<div class=\"woocommerce\"><div class=\"woocommerce-notices-wrapper\"><\/div><div class=\"wc-empty-cart-message\">\n\t<div class=\"cart-empty woocommerce-info\">\n\t\tJ\u016bsu grozs pa\u0161laik ir tuk\u0161s.\t<\/div>\n<\/div>\t<p class=\"return-to-shop\">\n\t\t<a class=\"button wc-backward\" href=\"https:\/\/dewor.lv\/?page_id=1741\">\n\t\t\tAtgriezties veikal\u0101\t\t<\/a>\n\t<\/p>\n<\/div><p><\/p>","protected":false},"excerpt":{"rendered":"","protected":false},"author":1,"featured_media":0,"parent":0,"menu_order":0,"comment_status":"closed","ping_status":"closed","template":"","meta":{"_kad_blocks_custom_css":"","_kad_blocks_head_custom_js":"","_kad_blocks_body_custom_js":"","_kad_blocks_footer_custom_js":"","_kadence_starter_templates_imported_post":false,"_kad_post_transparent":"","_kad_post_title":"","_kad_post_layout":"","_kad_post_sidebar_id":"","_kad_post_content_style":"","_kad_post_vertical_padding":"","_kad_post_feature":"","_kad_post_feature_position":"","_kad_post_header":false,"_kad_post_footer":false,"footnotes":""},"class_list":["post-1738","page","type-page","status-publish","hentry"],"taxonomy_info":[],"featured_image_src_large":false,"author_info":{"display_name":"deworadmin","author_link":"https:\/\/dewor.lv\/?author=1"},"comment_info":0,"_links":{"self":[{"href":"https:\/\/dewor.lv\/index.php?rest_route=\/wp\/v2\/pages\/1738","targetHints":{"allow":["GET"]}}],"collection":[{"href":"https:\/\/dewor.lv\/index.php?rest_route=\/wp\/v2\/pages"}],"about":[{"href":"https:\/\/dewor.lv\/index.php?rest_route=\/wp\/v2\/types\/page"}],"author":[{"embeddable":true,"href":"https:\/\/dewor.lv\/index.php?rest_route=\/wp\/v2\/users\/1"}],"replies":[{"embeddable":true,"href":"https:\/\/dewor.lv\/index.php?rest_route=%2Fwp%2Fv2%2Fcomments&post=1738"}],"version-history":[{"count":11,"href":"https:\/\/dewor.lv\/index.php?rest_route=\/wp\/v2\/pages\/1738\/revisions"}],"predecessor-version":[{"id":1874,"href":"https:\/\/dewor.lv\/index.php?rest_route=\/wp\/v2\/pages\/1738\/revisions\/1874"}],"wp:attachment":[{"href":"https:\/\/dewor.lv\/index.php?rest_route=%2Fwp%2Fv2%2Fmedia&parent=1738"}],"curies":[{"name":"wp","href":"https:\/\/api.w.org\/{rel}","templated":true}]}}