{"id":1593,"date":"2025-04-23T09:53:43","date_gmt":"2025-04-23T09:53:43","guid":{"rendered":"https:\/\/dewor.lv\/?post_type=product&#038;p=1593"},"modified":"2025-06-20T09:22:52","modified_gmt":"2025-06-20T09:22:52","slug":"privatmaja-95m2","status":"publish","type":"product","link":"https:\/\/dewor.lv\/?produkts=privatmaja-95m2","title":{"rendered":"Priv\u0101tm\u0101ja 95m2"},"content":{"rendered":"<p>Neso\u0161\u0101s konstrukcijas veidotas no koka karkasa. \u0112ka projekt\u0113ta modu\u013cu sist\u0113m\u0101 ( 2modu\u013ci + atsevi\u0161\u0137i jumta pane\u013ci)<br \/>\nPamati \u2013 stabveida pamati ( dots pamatu izvietojums un slodzes uz pamatiem, stabveida pamatu tipu preciz\u0113t pie pamatu izb\u016bves p\u0113c konkr\u0113t\u0101 zemesgabala \u0123eolo\u0123ijas datiem)<br \/>\nProjekts veidots R\u012bgas rajonam ( Apr\u0113\u0137ina sniega slodze \u2013 125kg\/m2)<\/p>\n<p>Projekta sast\u0101vs:<br \/>\n\u2022\tB\u016bvkonstrukciju da\u013ca  (bez pamatu risin\u0101juma)<br \/>\n\u2022\tPane\u013cu\/modu\u013cu ra\u017eo\u0161anas dokument\u0101cija (r\u016bpn\u012bcas komplekts)<br \/>\n\u2022\tPane\u013cu\/modu\u013cu mont\u0101\u017eas dokument\u0101cija<br \/>\n\u2022\tGalveno ra\u017eo\u0161anas materi\u0101lu specifik\u0101cija<\/p>\n","protected":false},"excerpt":{"rendered":"<p>Dz\u012bvojam\u0101 plat\u012bba \u2013 95m2<br \/>\n\u0100rtelpu plat\u012bba \u2013 97m2<br \/>\nApb\u016bves laukums  &#8211; 234m2<\/p>\n","protected":false},"featured_media":1594,"comment_status":"open","ping_status":"closed","template":"","meta":{"_kad_blocks_custom_css":"","_kad_blocks_head_custom_js":"","_kad_blocks_body_custom_js":"","_kad_blocks_footer_custom_js":"","_kadence_starter_templates_imported_post":false,"_kad_post_transparent":"default","_kad_post_title":"","_kad_post_layout":"default","_kad_post_sidebar_id":"","_kad_post_content_style":"default","_kad_post_vertical_padding":"default","_kad_post_feature":"","_kad_post_feature_position":"","_kad_post_header":false,"_kad_post_footer":false},"product_brand":[],"product_cat":[31],"product_tag":[],"class_list":{"0":"post-1593","1":"product","2":"type-product","3":"status-publish","4":"has-post-thumbnail","6":"product_cat-vienstavu-maja","8":"first","9":"instock","10":"downloadable","11":"virtual","12":"taxable","13":"purchasable","14":"product-type-simple","15":"entry","16":"content-bg","17":"loop-entry"},"taxonomy_info":{"product_cat":[{"value":31,"label":"Vienst\u0101vu m\u0101ja"}]},"featured_image_src_large":["https:\/\/dewor.lv\/wp-content\/uploads\/2025\/04\/0-1-1024x576.png",1024,576,true],"author_info":[],"comment_info":0,"_links":{"self":[{"href":"https:\/\/dewor.lv\/index.php?rest_route=\/wp\/v2\/product\/1593","targetHints":{"allow":["GET"]}}],"collection":[{"href":"https:\/\/dewor.lv\/index.php?rest_route=\/wp\/v2\/product"}],"about":[{"href":"https:\/\/dewor.lv\/index.php?rest_route=\/wp\/v2\/types\/product"}],"replies":[{"embeddable":true,"href":"https:\/\/dewor.lv\/index.php?rest_route=%2Fwp%2Fv2%2Fcomments&post=1593"}],"wp:featuredmedia":[{"embeddable":true,"href":"https:\/\/dewor.lv\/index.php?rest_route=\/wp\/v2\/media\/1594"}],"wp:attachment":[{"href":"https:\/\/dewor.lv\/index.php?rest_route=%2Fwp%2Fv2%2Fmedia&parent=1593"}],"wp:term":[{"taxonomy":"product_brand","embeddable":true,"href":"https:\/\/dewor.lv\/index.php?rest_route=%2Fwp%2Fv2%2Fproduct_brand&post=1593"},{"taxonomy":"product_cat","embeddable":true,"href":"https:\/\/dewor.lv\/index.php?rest_route=%2Fwp%2Fv2%2Fproduct_cat&post=1593"},{"taxonomy":"product_tag","embeddable":true,"href":"https:\/\/dewor.lv\/index.php?rest_route=%2Fwp%2Fv2%2Fproduct_tag&post=1593"}],"curies":[{"name":"wp","href":"https:\/\/api.w.org\/{rel}","templated":true}]}}